{"id":15000,"date":"2017-08-07T15:35:12","date_gmt":"2017-08-07T14:35:12","guid":{"rendered":"http:\/\/www.gaianisat.it\/marine\/?page_id=15000\/"},"modified":"2017-09-05T10:05:12","modified_gmt":"2017-09-05T09:05:12","slug":"marine","status":"publish","type":"page","link":"https:\/\/www.gaianisat.it\/marine\/marine\/","title":{"rendered":"Marine"},"content":{"rendered":"<p>[vc_row][vc_column width=&#8221;2\/3&#8243;][vc_column_text]<\/p>\n<p style=\"text-align: justify;\">Gaianisat Marine \u00e8 la divisione che dal 1990 si occupa della fornitura di attrezzature per la costruzione, l&#8217;ampliamento e la manutenzione dei porti.<br \/>\nConsideriamo le specifiche esigenze del cliente sia esso l&#8217;Autorit\u00e0 portuale, il gestore di un Terminal marittimo, un concessionario, una societ\u00e0 di ingegneria, una societ\u00e0 di costruzione o un trader, per suggerire la miglior soluzione ed i prodotti pi\u00f9 adeguati per le fasi di accosto e ormeggio all&#8217;interno dei porti,.<br \/>\nRappresentiamo alcune tra le aziende leader nel mondo nel settore delle attrezzature portuali e dei sistemi di attracco e operiamo in tutte le tipologie di porti: Terminal Container, Terminal Crociere, Oil &amp; Gas e materiali sfusi.<br \/>\nSiamo in grado di portare ai nostri clienti l\u2019esperienza vissuta dai brand che rappresentiamo durante la realizzazione e l&#8217;adeguamento dei pi\u00f9 importanti porti nel mondo, adeguati per ospitare navi di grandi dimensioni o per prevenire criticit\u00e0 legate a situazioni ambientali e di utilizzo esasperate.<br \/>\nLa gamma dei prodotti che proponiamo comprende i prodotti pi\u00f9 qualificati per ogni tipo di parabordo, bitte, ganci a scocco, sistemi di accosto e per molti altri prodotti.<\/p>\n<p>[\/vc_column_text][\/vc_column][vc_column width=&#8221;1\/3&#8243;][vc_single_image image=&#8221;15003&#8243; img_size=&#8221;250&#215;130&#8243;][vc_single_image image=&#8221;15004&#8243; img_size=&#8221;250&#215;130&#8243;][\/vc_column][\/vc_row][vc_row][vc_column width=&#8221;2\/3&#8243;][vc_single_image image=&#8221;15010&#8243; img_size=&#8221;large&#8221;][\/vc_column][vc_column width=&#8221;1\/3&#8243;][vc_single_image image=&#8221;14970&#8243; img_size=&#8221;250&#215;130&#8243;][\/vc_column][\/vc_row]<\/p>\n","protected":false},"excerpt":{"rendered":"<p>[vc_row][vc_column width=&#8221;2\/3&#8243;][vc_column_text] Gaianisat Marine \u00e8 la divisione che dal 1990 si occupa della fornitura di attrezzature per la costruzione, l&#8217;ampliamento e la manutenzione dei porti. Consideriamo le specifiche esigenze del cliente sia esso l&#8217;Autorit\u00e0 portuale, il gestore di un Terminal marittimo, un concessionario, una societ\u00e0 di ingegneria, una societ\u00e0 di costruzione o un trader, per&hellip;<\/p>\n","protected":false},"author":1,"featured_media":0,"parent":0,"menu_order":0,"comment_status":"closed","ping_status":"closed","template":"","meta":{"footnotes":""},"class_list":["post-15000","page","type-page","status-publish","hentry","description-off"],"_links":{"self":[{"href":"https:\/\/www.gaianisat.it\/marine\/wp-json\/wp\/v2\/pages\/15000","targetHints":{"allow":["GET"]}}],"collection":[{"href":"https:\/\/www.gaianisat.it\/marine\/wp-json\/wp\/v2\/pages"}],"about":[{"href":"https:\/\/www.gaianisat.it\/marine\/wp-json\/wp\/v2\/types\/page"}],"author":[{"embeddable":true,"href":"https:\/\/www.gaianisat.it\/marine\/wp-json\/wp\/v2\/users\/1"}],"replies":[{"embeddable":true,"href":"https:\/\/www.gaianisat.it\/marine\/wp-json\/wp\/v2\/comments?post=15000"}],"version-history":[{"count":15,"href":"https:\/\/www.gaianisat.it\/marine\/wp-json\/wp\/v2\/pages\/15000\/revisions"}],"predecessor-version":[{"id":15111,"href":"https:\/\/www.gaianisat.it\/marine\/wp-json\/wp\/v2\/pages\/15000\/revisions\/15111"}],"wp:attachment":[{"href":"https:\/\/www.gaianisat.it\/marine\/wp-json\/wp\/v2\/media?parent=15000"}],"curies":[{"name":"wp","href":"https:\/\/api.w.org\/{rel}","templated":true}]}}