{"id":14897,"date":"2017-06-17T17:18:11","date_gmt":"2017-06-17T16:18:11","guid":{"rendered":"http:\/\/www.gaianisat.it\/marine\/?page_id=14897\/"},"modified":"2017-09-05T10:08:14","modified_gmt":"2017-09-05T09:08:14","slug":"prodotti-e-soluzioni","status":"publish","type":"page","link":"https:\/\/www.gaianisat.it\/marine\/prodotti-e-soluzioni\/","title":{"rendered":"Prodotti e Soluzioni"},"content":{"rendered":"<p>[vc_row][vc_column][vc_column_text]<\/p>\n<p style=\"text-align: justify;\">I nostri prodotti sono sistemi di accosto e di ormeggio sperimentati con successo in tutto il mondo per offrire al cliente una soluzione che ottimizza il valore del prodotto lungo tutto il suo ciclo di vita .<br \/>\nProponiamo, infatti, una gamma completa di prodotti di elevata durabilit\u00e0, con prestazioni in grado di sopportare nel tempo usura e intemperie perch\u00e8 realizzati con materiali di qualit\u00e0 superiore e prodotti grazie a un\u2019attenta ricerca tecnologica.<\/p>\n<p>[\/vc_column_text][\/vc_column][\/vc_row][vc_row][vc_column width=&#8221;1\/6&#8243;][vc_single_image image=&#8221;14976&#8243;][\/vc_column][vc_column width=&#8221;5\/6&#8243;][vc_column_text]<\/p>\n<h4 style=\"text-align: justify;\">Parabordi Conici<\/h4>\n<p>I parabordi conici sono l&#8217;ultima generazione di parabordi, con prestazioni ed efficienza ottimali. La forma conica del corpo in gomma lo rende molto stabile anche a grandi angoli di compressione e fornisce una eccellente resistenza al taglio.<\/p>\n<p><strong>Tipologia<\/strong>: SCN Cone Fenders[\/vc_column_text][\/vc_column][\/vc_row][vc_row][vc_column width=&#8221;1\/6&#8243;][vc_single_image image=&#8221;14980&#8243;][\/vc_column][vc_column width=&#8221;5\/6&#8243;][vc_column_text]<\/p>\n<h4 style=\"text-align: justify;\">Cell Fenders<\/h4>\n<p style=\"text-align: justify;\">I parabordi di tipo Cell hanno una lunga storia di applicazioni di successo nel mondo e rimangono popolari a causa della loro semplicit\u00e0,della forza e delle prestazioni elevate.<\/p>\n<p style=\"text-align: justify;\"><strong>Tipologia<\/strong>: SCK Cell Fenders<\/p>\n<p>[\/vc_column_text][\/vc_column][\/vc_row][vc_row][vc_column width=&#8221;1\/6&#8243;][vc_single_image image=&#8221;14983&#8243;][\/vc_column][vc_column width=&#8221;5\/6&#8243;][vc_column_text]<\/p>\n<h4 style=\"text-align: justify;\">Parabordi Trapezoidali<\/h4>\n<p style=\"text-align: justify;\">I parabordi ad arco sono semplici e robusti, e forniscono un servizio duraturo e privo di problemi per un&#8217;ampia variet\u00e0 di ormeggi anche nelle condizioni pi\u00f9 severe. Alcuni articoli possono essere dotati di un panno frontale UHMW-PE o collegati ad un pannello in acciaio.<\/p>\n<p style=\"text-align: justify;\"><strong>Tipologia<\/strong>: AN Fenders, ANP Fenders, SAN Fenders, SANP Fenders<\/p>\n<p>[\/vc_column_text][\/vc_column][\/vc_row][vc_row][vc_column width=&#8221;1\/6&#8243;][vc_single_image image=&#8221;14984&#8243;][\/vc_column][vc_column width=&#8221;5\/6&#8243;][vc_column_text]<\/p>\n<h4 style=\"text-align: justify;\">Parabordi a V<\/h4>\n<p style=\"text-align: justify;\">I parabordi a V forniscono una soluzione estremamente compatta, ideale quando devono essere montati in uno spazio limitato. Questi parabordi versatili hanno un design modulare e sono disponibili come elementi singoli (elementi UE ed MV), o sistemi completi di pannello frontale (UE-V fenders o MV-V fenders).<\/p>\n<p style=\"text-align: justify;\"><strong>Tipologia<\/strong>: UE Fenders, MV Fenders, ME Fenders, MI Fenders<\/p>\n<p>[\/vc_column_text][\/vc_column][\/vc_row][vc_row][vc_column width=&#8221;1\/6&#8243;][vc_single_image image=&#8221;14985&#8243;][\/vc_column][vc_column width=&#8221;5\/6&#8243;][vc_column_text]<\/p>\n<h4 style=\"text-align: justify;\">Parabordi cilindrici<\/h4>\n<p style=\"text-align: justify;\">I parabordi cilindrici hanno protetto le navi per pi\u00f9 anni di qualsiasi altro tipo di parabordo. Sono versatili e facili da installare. Disponibili in un ampia gamma di dimensioni da Dest. = 100 mm a Dest. = 2.700 mm<\/p>\n<p style=\"text-align: justify;\"><strong>Tipologia<\/strong>: Cylindrical Fenders<\/p>\n<p>[\/vc_column_text][\/vc_column][\/vc_row][vc_row][vc_column width=&#8221;1\/6&#8243;][vc_single_image image=&#8221;14986&#8243;][\/vc_column][vc_column width=&#8221;5\/6&#8243;][vc_column_text]<\/p>\n<h4 style=\"text-align: justify;\">Parabordi Estrusi<\/h4>\n<p style=\"text-align: justify;\">I parabordi estrusi sono semplici profili di gomma, di varie forme, fissati con bulloni alla struttura.<br \/>\nLe estrusioni possono essere realizzate praticamente in qualsiasi lunghezza, tagliate e forate per ogni applicazione.<\/p>\n<p style=\"text-align: justify;\"><strong>Tipologia<\/strong>: SD Fenders, SC Fenders, DD Fenders, DC Fenders<\/p>\n<p>[\/vc_column_text][\/vc_column][\/vc_row][vc_row][vc_column width=&#8221;1\/6&#8243;][vc_single_image image=&#8221;14987&#8243;][\/vc_column][vc_column width=&#8221;5\/6&#8243;][vc_column_text]<\/p>\n<h4 style=\"text-align: justify;\">Parabordi per rimorchiatori<\/h4>\n<p style=\"text-align: justify;\">I parabordi per rimorchiatori devono lavorare pi\u00f9 a lungo, in condizioni pi\u00f9 estreme di qualsiasi altro tipo di parabordo. I rimorchiatori possono utilizzare quattro diversi tipi di parabordo, ciascuno dei quali serve una particolare applicazione.<\/p>\n<p style=\"text-align: justify;\"><strong>Tipologia<\/strong>: TUG Cylindrical fenders, W Fenders, M Fenders, KeyHole Fenders<\/p>\n<p>[\/vc_column_text][\/vc_column][\/vc_row][vc_row][vc_column width=&#8221;1\/6&#8243;][vc_single_image image=&#8221;14988&#8243;][\/vc_column][vc_column width=&#8221;5\/6&#8243;][vc_column_text]<\/p>\n<h4 style=\"text-align: justify;\">Parabordi Pneumatici<\/h4>\n<p style=\"text-align: justify;\">I parabordi pneumatici richiedono una minima manutenzione, quindi i costi sono ridotti e il rischio di danneggiamenti durante l&#8217;ormeggio \u00e8 minimo, proteggendo persone, strutture e carico. I parabordi pneumatici in gomma sono ideali per porti permanenti e semipermanenti e trasferimenti da nave a navi. Supportano angoli di attracco fino a 15 gradi e i tipi pi\u00f9 recenti di navi, come ULCC, LNG e bulk carriers, FSO e FSPO.<\/p>\n<p style=\"text-align: justify;\"><strong>Tipologia<\/strong>:\u00a0Pneumatic Rubber Fenders, Chain-Tyre net<\/p>\n<p>[\/vc_column_text][\/vc_column][\/vc_row][vc_row][vc_column width=&#8221;1\/6&#8243;][vc_single_image image=&#8221;14989&#8243;][\/vc_column][vc_column width=&#8221;5\/6&#8243;][vc_column_text]<\/p>\n<h4 style=\"text-align: justify;\">Parabordi Galleggianti<\/h4>\n<p style=\"text-align: justify;\">I parabordi costituiti da schiuma di polietilene -SeaGuard, Seacushion e Donut Fender &#8211; condividono una tecnologia di costruzione basata su un nucleo di schiuma e una pelle esterna costituita da un elastomero di poliuretano come rinforzo. La struttura a schiuma a cellule chiuse rende le forature un problema superato. Ogni cella \u00e8 separata e quindi l&#8217;acqua non pu\u00f2 impregnare la schiuma.<\/p>\n<p style=\"text-align: justify;\"><strong>Tipologia<\/strong>:\u00a0Sea Guard, Sea Cushion, Donut Fenders, SeaFloat<\/p>\n<p>[\/vc_column_text][\/vc_column][\/vc_row][vc_row][vc_column width=&#8221;1\/6&#8243;][vc_single_image image=&#8221;14990&#8243;][\/vc_column][vc_column width=&#8221;5\/6&#8243;][vc_column_text]<\/p>\n<h4 style=\"text-align: justify;\">Bitte<\/h4>\n<p style=\"text-align: justify;\">Le bitte sono disponibili in molte forme e dimensioni per soddisfare le esigenze della maggior parte dei bacini, e dei moli. Il materiale standard \u00e8 la grafite sferoidale (comunemente denominata SG o ferro duttile) che \u00e8 forte e resistente alla corrosione.<\/p>\n<p style=\"text-align: justify;\"><strong>Tipologia<\/strong>:\u00a0Tee Bollards, Horn Bollards, Kidney Bollards, Single Bitt Bollards, Double Bitt Bollards, Cleat Bollards, Pillar Bollards<\/p>\n<p>[\/vc_column_text][\/vc_column][\/vc_row][vc_row][vc_column width=&#8221;1\/6&#8243;][vc_single_image image=&#8221;14991&#8243;][\/vc_column][vc_column width=&#8221;5\/6&#8243;][vc_column_text]<\/p>\n<h4>Ganci a scocco<\/h4>\n<p>I ganci a scocco sono disponibili in configurazione singola o multipla, ed in capacit\u00e0 da 30t a 200t. I ganci a scocco sono progettati per essere rilasciati da un operatore in loco o da remoto quando \u00e8 collegata una linea di ancoraggio, anche a pieno carico.<\/p>\n<p><strong>Tipologia<\/strong>:\u00a0Quick release hooks, Capstans, Remote Control[\/vc_column_text][\/vc_column][\/vc_row][vc_row][vc_column width=&#8221;1\/6&#8243;][vc_single_image image=&#8221;14992&#8243;][\/vc_column][vc_column width=&#8221;5\/6&#8243;][vc_column_text]<\/p>\n<h4 style=\"text-align: justify;\">Sistemi di accosto<\/h4>\n<h4 style=\"text-align: justify;\">Sistemi di monitoraggio ambientale<\/h4>\n<p style=\"text-align: justify;\">I Sistemi di Ausilio all&#8217;Accosto (DAS) controllano l&#8217;accosto e il movimento delle navi durante le operazioni di ormeggio. Sono disponibili vari standard e personalizzazioni per soddisfare la pi\u00f9 ampia gamma di situazioni di ormeggio. I sistemi di monitoraggio ambientale (EMS) comprendono sensori e sistemi per il monitoraggio delle onde, delle maree, della corrente, del vento e della temperatura.<\/p>\n<p style=\"text-align: justify;\"><strong>Tipologia<\/strong>: Docking Aid Systems, Environmental Monitoring Systems, Speed warning light trees, Current sensors, Wave sensors, Tide sensors, Wind sensors<\/p>\n<p>[\/vc_column_text][\/vc_column][\/vc_row]<\/p>\n","protected":false},"excerpt":{"rendered":"<p>[vc_row][vc_column][vc_column_text] I nostri prodotti sono sistemi di accosto e di ormeggio sperimentati con successo in tutto il mondo per offrire al cliente una soluzione che ottimizza il valore del prodotto lungo tutto il suo ciclo di vita . Proponiamo, infatti, una gamma completa di prodotti di elevata durabilit\u00e0, con prestazioni in grado di sopportare nel&hellip;<\/p>\n","protected":false},"author":1,"featured_media":0,"parent":0,"menu_order":0,"comment_status":"closed","ping_status":"closed","template":"","meta":{"footnotes":""},"class_list":["post-14897","page","type-page","status-publish","hentry","description-off"],"_links":{"self":[{"href":"https:\/\/www.gaianisat.it\/marine\/wp-json\/wp\/v2\/pages\/14897","targetHints":{"allow":["GET"]}}],"collection":[{"href":"https:\/\/www.gaianisat.it\/marine\/wp-json\/wp\/v2\/pages"}],"about":[{"href":"https:\/\/www.gaianisat.it\/marine\/wp-json\/wp\/v2\/types\/page"}],"author":[{"embeddable":true,"href":"https:\/\/www.gaianisat.it\/marine\/wp-json\/wp\/v2\/users\/1"}],"replies":[{"embeddable":true,"href":"https:\/\/www.gaianisat.it\/marine\/wp-json\/wp\/v2\/comments?post=14897"}],"version-history":[{"count":13,"href":"https:\/\/www.gaianisat.it\/marine\/wp-json\/wp\/v2\/pages\/14897\/revisions"}],"predecessor-version":[{"id":15112,"href":"https:\/\/www.gaianisat.it\/marine\/wp-json\/wp\/v2\/pages\/14897\/revisions\/15112"}],"wp:attachment":[{"href":"https:\/\/www.gaianisat.it\/marine\/wp-json\/wp\/v2\/media?parent=14897"}],"curies":[{"name":"wp","href":"https:\/\/api.w.org\/{rel}","templated":true}]}}